{"id":3198,"date":"2022-10-10T15:39:07","date_gmt":"2022-10-10T12:39:07","guid":{"rendered":"https:\/\/citycars.az\/?page_id=3198"},"modified":"2024-06-02T23:21:56","modified_gmt":"2024-06-02T19:21:56","slug":"advantages","status":"publish","type":"page","link":"https:\/\/citycars.az\/ru\/advantages\/","title":{"rendered":"\u00dcst\u00fcnl\u00fckl\u0259rimiz"},"content":{"rendered":"","protected":false},"excerpt":{"rendered":"","protected":false},"author":7,"featured_media":10604,"parent":0,"menu_order":0,"comment_status":"closed","ping_status":"closed","template":"template-advantages.php","meta":{"footnotes":""},"class_list":["post-3198","page","type-page","status-publish","has-post-thumbnail","hentry"],"acf":[],"_links":{"self":[{"href":"https:\/\/citycars.az\/ru\/wp-json\/wp\/v2\/pages\/3198","targetHints":{"allow":["GET"]}}],"collection":[{"href":"https:\/\/citycars.az\/ru\/wp-json\/wp\/v2\/pages"}],"about":[{"href":"https:\/\/citycars.az\/ru\/wp-json\/wp\/v2\/types\/page"}],"author":[{"embeddable":true,"href":"https:\/\/citycars.az\/ru\/wp-json\/wp\/v2\/users\/7"}],"replies":[{"embeddable":true,"href":"https:\/\/citycars.az\/ru\/wp-json\/wp\/v2\/comments?post=3198"}],"version-history":[{"count":17,"href":"https:\/\/citycars.az\/ru\/wp-json\/wp\/v2\/pages\/3198\/revisions"}],"predecessor-version":[{"id":10682,"href":"https:\/\/citycars.az\/ru\/wp-json\/wp\/v2\/pages\/3198\/revisions\/10682"}],"wp:featuredmedia":[{"embeddable":true,"href":"https:\/\/citycars.az\/ru\/wp-json\/wp\/v2\/media\/10604"}],"wp:attachment":[{"href":"https:\/\/citycars.az\/ru\/wp-json\/wp\/v2\/media?parent=3198"}],"curies":[{"name":"wp","href":"https:\/\/api.w.org\/{rel}","templated":true}]}}